{"id":613,"date":"2019-02-12T09:16:59","date_gmt":"2019-02-12T11:16:59","guid":{"rendered":"http:\/\/concerned-coyote.w5.wpsandbox.pro\/?page_id=613"},"modified":"2021-03-22T15:06:58","modified_gmt":"2021-03-22T18:06:58","slug":"sobre","status":"publish","type":"page","link":"https:\/\/www.hangchabrasil.com.br\/site\/sobre\/","title":{"rendered":"Sobre n\u00f3s"},"content":{"rendered":"\t\t<div data-elementor-type=\"wp-post\" data-elementor-id=\"613\" class=\"elementor elementor-613\" data-elementor-settings=\"[]\">\n\t\t\t\t\t\t\t<div class=\"elementor-section-wrap\">\n\t\t\t\t\t\t\t<section class=\"elementor-section elementor-top-section elementor-element elementor-element-f0748ff elementor-section-boxed elementor-section-height-default elementor-section-height-default\" data-id=\"f0748ff\" data-element_type=\"section\">\n\t\t\t\t\t\t<div class=\"elementor-container elementor-column-gap-default\">\n\t\t\t\t\t<div class=\"elementor-column elementor-col-100 elementor-top-column elementor-element elementor-element-af8855d\" data-id=\"af8855d\" data-element_type=\"column\">\n\t\t\t<div class=\"elementor-widget-wrap\">\n\t\t\t\t\t\t\t\t\t<\/div>\n\t\t<\/div>\n\t\t\t\t\t\t\t<\/div>\n\t\t<\/section>\n\t\t\t\t<section class=\"elementor-section elementor-top-section elementor-element elementor-element-9180b49 elementor-section-boxed elementor-section-height-default elementor-section-height-default\" data-id=\"9180b49\" data-element_type=\"section\">\n\t\t\t\t\t\t<div class=\"elementor-container elementor-column-gap-default\">\n\t\t\t\t\t<div class=\"elementor-column elementor-col-100 elementor-top-column elementor-element elementor-element-d3334bb\" data-id=\"d3334bb\" data-element_type=\"column\">\n\t\t\t<div class=\"elementor-widget-wrap elementor-element-populated\">\n\t\t\t\t\t\t\t\t<section class=\"elementor-section elementor-inner-section elementor-element elementor-element-9628b1a elementor-section-boxed elementor-section-height-default elementor-section-height-default\" data-id=\"9628b1a\" data-element_type=\"section\">\n\t\t\t\t\t\t<div class=\"elementor-container elementor-column-gap-default\">\n\t\t\t\t\t<div class=\"elementor-column elementor-col-50 elementor-inner-column elementor-element elementor-element-8fe86d9\" data-id=\"8fe86d9\" data-element_type=\"column\">\n\t\t\t<div class=\"elementor-widget-wrap elementor-element-populated\">\n\t\t\t\t\t\t\t\t<div class=\"elementor-element elementor-element-4591ce3 elementor-widget elementor-widget-image\" data-id=\"4591ce3\" data-element_type=\"widget\" data-widget_type=\"image.default\">\n\t\t\t\t<div class=\"elementor-widget-container\">\n\t\t\t\t\t\t\t\t\t\t\t\t\t\t\t<img loading=\"lazy\" decoding=\"async\" width=\"812\" height=\"320\" src=\"https:\/\/www.hangchabrasil.com.br\/site\/wp-content\/uploads\/2021\/02\/empresa_2-1024x403.png\" class=\"attachment-large size-large\" alt=\"\" srcset=\"https:\/\/www.hangchabrasil.com.br\/site\/wp-content\/uploads\/2021\/02\/empresa_2-1024x403.png 1024w, https:\/\/www.hangchabrasil.com.br\/site\/wp-content\/uploads\/2021\/02\/empresa_2-300x118.png 300w, https:\/\/www.hangchabrasil.com.br\/site\/wp-content\/uploads\/2021\/02\/empresa_2-768x303.png 768w, https:\/\/www.hangchabrasil.com.br\/site\/wp-content\/uploads\/2021\/02\/empresa_2-1536x605.png 1536w, https:\/\/www.hangchabrasil.com.br\/site\/wp-content\/uploads\/2021\/02\/empresa_2.png 1904w\" sizes=\"auto, (max-width: 812px) 100vw, 812px\" \/>\t\t\t\t\t\t\t\t\t\t\t\t\t\t\t<\/div>\n\t\t\t\t<\/div>\n\t\t\t\t\t<\/div>\n\t\t<\/div>\n\t\t\t\t<div class=\"elementor-column elementor-col-50 elementor-inner-column elementor-element elementor-element-318e785\" data-id=\"318e785\" data-element_type=\"column\">\n\t\t\t<div class=\"elementor-widget-wrap elementor-element-populated\">\n\t\t\t\t\t\t\t\t<div class=\"elementor-element elementor-element-c7ca26f elementor-widget elementor-widget-image\" data-id=\"c7ca26f\" data-element_type=\"widget\" data-widget_type=\"image.default\">\n\t\t\t\t<div class=\"elementor-widget-container\">\n\t\t\t\t\t\t\t\t\t\t\t\t\t\t\t<img loading=\"lazy\" decoding=\"async\" width=\"250\" height=\"136\" src=\"https:\/\/www.hangchabrasil.com.br\/site\/wp-content\/uploads\/2021\/03\/cropped-logo_hangcha_v2.png\" class=\"attachment-large size-large\" alt=\"\" \/>\t\t\t\t\t\t\t\t\t\t\t\t\t\t\t<\/div>\n\t\t\t\t<\/div>\n\t\t\t\t\t<\/div>\n\t\t<\/div>\n\t\t\t\t\t\t\t<\/div>\n\t\t<\/section>\n\t\t\t\t\t<\/div>\n\t\t<\/div>\n\t\t\t\t\t\t\t<\/div>\n\t\t<\/section>\n\t\t\t\t<section class=\"elementor-section elementor-top-section elementor-element elementor-element-342bf74 elementor-section-boxed elementor-section-height-default elementor-section-height-default\" data-id=\"342bf74\" data-element_type=\"section\">\n\t\t\t\t\t\t<div class=\"elementor-container elementor-column-gap-default\">\n\t\t\t\t\t<div class=\"elementor-column elementor-col-100 elementor-top-column elementor-element elementor-element-0d30489\" data-id=\"0d30489\" data-element_type=\"column\">\n\t\t\t<div class=\"elementor-widget-wrap elementor-element-populated\">\n\t\t\t\t\t\t\t\t<div class=\"elementor-element elementor-element-668b76b elementor-widget elementor-widget-text-editor\" data-id=\"668b76b\" data-element_type=\"widget\" data-widget_type=\"text-editor.default\">\n\t\t\t\t<div class=\"elementor-widget-container\">\n\t\t\t\t\t\t\t\t<h4>A\u00a0Hangcha \u00e9 hoje uma das maiores e principais fabricantes de empilhadeiras na China.<\/h4><h4>O crescimento e prest\u00edgio atual da Hangcha no mundo devem-se principalmente ao seu comprometimento em produzir e oferecer empilhadeiras econ\u00f4micas e confi\u00e1veis aos clientes, investindo continuamente no desenvolvimento e busca por novas tecnologias.<\/h4><h4>A qualidade na produ\u00e7\u00e3o dos equipamentos com a marca Hangcha \u00e9 garantida e certificada: a empresa possui as certifica\u00e7\u00f5es internacionais ISO9001 e ISO14001, e utiliza apenas equipamentos de primeira linha na fabrica\u00e7\u00e3o de seus produtos.<\/h4><h4>Dessa forma, n\u00e3o \u00e9 de se surpreender que a Hangcha esteja se expandindo cada vez mais por novos mercados, criando parcerias com empresas locais que distribuem e fornecem a assist\u00eancia necess\u00e1ria aos consumidores desses pa\u00edses.<\/h4><h4>Saiba mais em <span style=\"color: #000080;\"><a style=\"color: #000080;\" href=\"http:\/\/www.hcforklift.com\" target=\"_blank\" rel=\"noopener\">www.hcforklift.com<\/a><\/span><\/h4>\t\t\t\t\t\t<\/div>\n\t\t\t\t<\/div>\n\t\t\t\t\t<\/div>\n\t\t<\/div>\n\t\t\t\t\t\t\t<\/div>\n\t\t<\/section>\n\t\t\t\t<section class=\"elementor-section elementor-top-section elementor-element elementor-element-cee9f27 elementor-section-boxed elementor-section-height-default elementor-section-height-default\" data-id=\"cee9f27\" data-element_type=\"section\">\n\t\t\t\t\t\t<div class=\"elementor-container elementor-column-gap-default\">\n\t\t\t\t\t<div class=\"elementor-column elementor-col-100 elementor-top-column elementor-element elementor-element-a2dceab\" data-id=\"a2dceab\" data-element_type=\"column\">\n\t\t\t<div class=\"elementor-widget-wrap elementor-element-populated\">\n\t\t\t\t\t\t\t\t<div class=\"elementor-element elementor-element-028316d elementor-widget-divider--view-line elementor-widget elementor-widget-divider\" data-id=\"028316d\" data-element_type=\"widget\" data-widget_type=\"divider.default\">\n\t\t\t\t<div class=\"elementor-widget-container\">\n\t\t\t\t\t<div class=\"elementor-divider\">\n\t\t\t<span class=\"elementor-divider-separator\">\n\t\t\t\t\t\t<\/span>\n\t\t<\/div>\n\t\t\t\t<\/div>\n\t\t\t\t<\/div>\n\t\t\t\t\t<\/div>\n\t\t<\/div>\n\t\t\t\t\t\t\t<\/div>\n\t\t<\/section>\n\t\t\t\t<section class=\"elementor-section elementor-top-section elementor-element elementor-element-56a2109 elementor-section-boxed elementor-section-height-default elementor-section-height-default\" data-id=\"56a2109\" data-element_type=\"section\">\n\t\t\t\t\t\t<div class=\"elementor-container elementor-column-gap-default\">\n\t\t\t\t\t<div class=\"elementor-column elementor-col-100 elementor-top-column elementor-element elementor-element-58e9ef4\" data-id=\"58e9ef4\" data-element_type=\"column\">\n\t\t\t<div class=\"elementor-widget-wrap elementor-element-populated\">\n\t\t\t\t\t\t\t\t<section class=\"elementor-section elementor-inner-section elementor-element elementor-element-752572f elementor-section-boxed elementor-section-height-default elementor-section-height-default\" data-id=\"752572f\" data-element_type=\"section\">\n\t\t\t\t\t\t<div class=\"elementor-container elementor-column-gap-default\">\n\t\t\t\t\t<div class=\"elementor-column elementor-col-50 elementor-inner-column elementor-element elementor-element-4bc3cec\" data-id=\"4bc3cec\" data-element_type=\"column\">\n\t\t\t<div class=\"elementor-widget-wrap elementor-element-populated\">\n\t\t\t\t\t\t\t\t<div class=\"elementor-element elementor-element-de3643c elementor-widget elementor-widget-image\" data-id=\"de3643c\" data-element_type=\"widget\" data-widget_type=\"image.default\">\n\t\t\t\t<div class=\"elementor-widget-container\">\n\t\t\t\t\t\t\t\t\t\t\t\t\t\t\t<img loading=\"lazy\" decoding=\"async\" width=\"750\" height=\"263\" src=\"https:\/\/www.hangchabrasil.com.br\/site\/wp-content\/uploads\/2021\/02\/logo_zenshinbrasil_2.jpg\" class=\"attachment-large size-large\" alt=\"\" srcset=\"https:\/\/www.hangchabrasil.com.br\/site\/wp-content\/uploads\/2021\/02\/logo_zenshinbrasil_2.jpg 750w, https:\/\/www.hangchabrasil.com.br\/site\/wp-content\/uploads\/2021\/02\/logo_zenshinbrasil_2-300x105.jpg 300w\" sizes=\"auto, (max-width: 750px) 100vw, 750px\" \/>\t\t\t\t\t\t\t\t\t\t\t\t\t\t\t<\/div>\n\t\t\t\t<\/div>\n\t\t\t\t<div class=\"elementor-element elementor-element-da4ada9 elementor-widget elementor-widget-text-editor\" data-id=\"da4ada9\" data-element_type=\"widget\" data-widget_type=\"text-editor.default\">\n\t\t\t\t<div class=\"elementor-widget-container\">\n\t\t\t\t\t\t\t\t<h4>Os equipamentos Hangcha s\u00e3o importados e distribu\u00eddos pela Zenshin Brasil, distribuidora oficial da Hangcha no Brasil.<\/h4>\t\t\t\t\t\t<\/div>\n\t\t\t\t<\/div>\n\t\t\t\t\t<\/div>\n\t\t<\/div>\n\t\t\t\t<div class=\"elementor-column elementor-col-50 elementor-inner-column elementor-element elementor-element-2421e84\" data-id=\"2421e84\" data-element_type=\"column\">\n\t\t\t<div class=\"elementor-widget-wrap elementor-element-populated\">\n\t\t\t\t\t\t\t\t<div class=\"elementor-element elementor-element-c215a67 elementor-arrows-position-inside elementor-pagination-position-outside elementor-widget elementor-widget-image-carousel\" data-id=\"c215a67\" data-element_type=\"widget\" data-settings=\"{&quot;slides_to_show&quot;:&quot;1&quot;,&quot;navigation&quot;:&quot;both&quot;,&quot;autoplay&quot;:&quot;yes&quot;,&quot;pause_on_hover&quot;:&quot;yes&quot;,&quot;pause_on_interaction&quot;:&quot;yes&quot;,&quot;autoplay_speed&quot;:5000,&quot;infinite&quot;:&quot;yes&quot;,&quot;effect&quot;:&quot;slide&quot;,&quot;speed&quot;:500}\" data-widget_type=\"image-carousel.default\">\n\t\t\t\t<div class=\"elementor-widget-container\">\n\t\t\t\t\t<div class=\"elementor-image-carousel-wrapper swiper-container\" dir=\"ltr\">\n\t\t\t<div class=\"elementor-image-carousel swiper-wrapper\">\n\t\t\t\t<div class=\"swiper-slide\"><figure class=\"swiper-slide-inner\"><img decoding=\"async\" class=\"swiper-slide-image\" src=\"https:\/\/www.hangchabrasil.com.br\/site\/wp-content\/uploads\/2021\/02\/equipamentos_2.jpg\" alt=\"equipamentos_2\" \/><\/figure><\/div><div class=\"swiper-slide\"><figure class=\"swiper-slide-inner\"><img decoding=\"async\" class=\"swiper-slide-image\" src=\"https:\/\/www.hangchabrasil.com.br\/site\/wp-content\/uploads\/2021\/02\/equipamentos_1.jpg\" alt=\"equipamentos_1\" \/><\/figure><\/div>\t\t\t<\/div>\n\t\t\t\t\t\t\t\t\t\t\t\t<div class=\"swiper-pagination\"><\/div>\n\t\t\t\t\t\t\t\t\t\t\t\t\t<div class=\"elementor-swiper-button elementor-swiper-button-prev\">\n\t\t\t\t\t\t<i class=\"eicon-chevron-left\" aria-hidden=\"true\"><\/i>\n\t\t\t\t\t\t<span class=\"elementor-screen-only\">Anterior<\/span>\n\t\t\t\t\t<\/div>\n\t\t\t\t\t<div class=\"elementor-swiper-button elementor-swiper-button-next\">\n\t\t\t\t\t\t<i class=\"eicon-chevron-right\" aria-hidden=\"true\"><\/i>\n\t\t\t\t\t\t<span class=\"elementor-screen-only\">Pr\u00f3ximo<\/span>\n\t\t\t\t\t<\/div>\n\t\t\t\t\t\t\t\t\t<\/div>\n\t\t\t\t<\/div>\n\t\t\t\t<\/div>\n\t\t\t\t\t<\/div>\n\t\t<\/div>\n\t\t\t\t\t\t\t<\/div>\n\t\t<\/section>\n\t\t\t\t\t<\/div>\n\t\t<\/div>\n\t\t\t\t\t\t\t<\/div>\n\t\t<\/section>\n\t\t\t\t<section class=\"elementor-section elementor-top-section elementor-element elementor-element-154b5b6 elementor-section-boxed elementor-section-height-default elementor-section-height-default\" data-id=\"154b5b6\" data-element_type=\"section\">\n\t\t\t\t\t\t<div class=\"elementor-container elementor-column-gap-default\">\n\t\t\t\t\t<div class=\"elementor-column elementor-col-100 elementor-top-column elementor-element elementor-element-cff0f7b\" data-id=\"cff0f7b\" data-element_type=\"column\">\n\t\t\t<div class=\"elementor-widget-wrap elementor-element-populated\">\n\t\t\t\t\t\t\t\t<div class=\"elementor-element elementor-element-94bcf49 elementor-widget elementor-widget-text-editor\" data-id=\"94bcf49\" data-element_type=\"widget\" data-widget_type=\"text-editor.default\">\n\t\t\t\t<div class=\"elementor-widget-container\">\n\t\t\t\t\t\t\t\t<h4>A Zenshin Brasil conta com uma estrutura de assist\u00eancia t\u00e9cnica por todo pa\u00eds, com pontos autorizados por todo o Brasil.<\/h4><h4><span style=\"color: #333399;\"><a style=\"color: #333399;\" href=\"\/site\/representantes\">Entre em contato para saber qual representante mais pr\u00f3ximo de voc\u00ea<\/a><\/span><\/h4><h4>Al\u00e9m disso, estamos continuamente importando novos equipamentos e contamos com um grande estoque de pe\u00e7as de reposi\u00e7\u00e3o originais Hangcha.<\/h4>\t\t\t\t\t\t<\/div>\n\t\t\t\t<\/div>\n\t\t\t\t\t<\/div>\n\t\t<\/div>\n\t\t\t\t\t\t\t<\/div>\n\t\t<\/section>\n\t\t\t\t<section class=\"elementor-section elementor-top-section elementor-element elementor-element-b59af5b elementor-section-boxed elementor-section-height-default elementor-section-height-default\" data-id=\"b59af5b\" data-element_type=\"section\">\n\t\t\t\t\t\t<div class=\"elementor-container elementor-column-gap-default\">\n\t\t\t\t\t<div class=\"elementor-column elementor-col-100 elementor-top-column elementor-element elementor-element-9ee14ba\" data-id=\"9ee14ba\" data-element_type=\"column\">\n\t\t\t<div class=\"elementor-widget-wrap elementor-element-populated\">\n\t\t\t\t\t\t\t\t<div class=\"elementor-element elementor-element-d1c4c5f elementor-widget elementor-widget-image\" data-id=\"d1c4c5f\" data-element_type=\"widget\" data-widget_type=\"image.default\">\n\t\t\t\t<div class=\"elementor-widget-container\">\n\t\t\t\t\t\t\t\t\t\t\t\t\t\t\t<img loading=\"lazy\" decoding=\"async\" width=\"812\" height=\"417\" src=\"https:\/\/www.hangchabrasil.com.br\/site\/wp-content\/uploads\/2021\/02\/pecas.jpg\" class=\"attachment-large size-large\" alt=\"\" srcset=\"https:\/\/www.hangchabrasil.com.br\/site\/wp-content\/uploads\/2021\/02\/pecas.jpg 845w, https:\/\/www.hangchabrasil.com.br\/site\/wp-content\/uploads\/2021\/02\/pecas-300x154.jpg 300w, https:\/\/www.hangchabrasil.com.br\/site\/wp-content\/uploads\/2021\/02\/pecas-768x394.jpg 768w\" sizes=\"auto, (max-width: 812px) 100vw, 812px\" \/>\t\t\t\t\t\t\t\t\t\t\t\t\t\t\t<\/div>\n\t\t\t\t<\/div>\n\t\t\t\t\t<\/div>\n\t\t<\/div>\n\t\t\t\t\t\t\t<\/div>\n\t\t<\/section>\n\t\t\t\t\t\t<\/div>\n\t\t\t\t\t<\/div>\n\t\t","protected":false},"excerpt":{"rendered":"<p>A\u00a0Hangcha \u00e9 hoje uma das maiores e principais fabricantes de empilhadeiras na China. O crescimento e prest\u00edgio atual da Hangcha no mundo devem-se principalmente ao seu comprometimento em produzir e oferecer empilhadeiras econ\u00f4micas e confi\u00e1veis aos clientes, investindo continuamente no desenvolvimento e busca por novas tecnologias. A qualidade na produ\u00e7\u00e3o dos equipamentos com a marca [&hellip;]<\/p>\n","protected":false},"author":1,"featured_media":0,"parent":0,"menu_order":0,"comment_status":"closed","ping_status":"closed","template":"page-templates\/pagebuilder.php","meta":{"footnotes":""},"class_list":["post-613","page","type-page","status-publish","hentry"],"_links":{"self":[{"href":"https:\/\/www.hangchabrasil.com.br\/site\/wp-json\/wp\/v2\/pages\/613","targetHints":{"allow":["GET"]}}],"collection":[{"href":"https:\/\/www.hangchabrasil.com.br\/site\/wp-json\/wp\/v2\/pages"}],"about":[{"href":"https:\/\/www.hangchabrasil.com.br\/site\/wp-json\/wp\/v2\/types\/page"}],"author":[{"embeddable":true,"href":"https:\/\/www.hangchabrasil.com.br\/site\/wp-json\/wp\/v2\/users\/1"}],"replies":[{"embeddable":true,"href":"https:\/\/www.hangchabrasil.com.br\/site\/wp-json\/wp\/v2\/comments?post=613"}],"version-history":[{"count":11,"href":"https:\/\/www.hangchabrasil.com.br\/site\/wp-json\/wp\/v2\/pages\/613\/revisions"}],"predecessor-version":[{"id":1282,"href":"https:\/\/www.hangchabrasil.com.br\/site\/wp-json\/wp\/v2\/pages\/613\/revisions\/1282"}],"wp:attachment":[{"href":"https:\/\/www.hangchabrasil.com.br\/site\/wp-json\/wp\/v2\/media?parent=613"}],"curies":[{"name":"wp","href":"https:\/\/api.w.org\/{rel}","templated":true}]}}