{"id":449,"date":"2019-02-06T16:46:47","date_gmt":"2019-02-06T18:46:47","guid":{"rendered":"http:\/\/concerned-coyote.w5.wpsandbox.pro\/?page_id=449"},"modified":"2021-05-17T17:45:37","modified_gmt":"2021-05-17T20:45:37","slug":"representantes","status":"publish","type":"page","link":"https:\/\/www.hangchabrasil.com.br\/site\/representantes\/","title":{"rendered":"Onde encontrar"},"content":{"rendered":"\t\t<div data-elementor-type=\"wp-post\" data-elementor-id=\"449\" class=\"elementor elementor-449\" data-elementor-settings=\"[]\">\n\t\t\t\t\t\t\t<div class=\"elementor-section-wrap\">\n\t\t\t\t\t\t\t<section class=\"elementor-section elementor-top-section elementor-element elementor-element-275efcc elementor-section-boxed elementor-section-height-default elementor-section-height-default\" data-id=\"275efcc\" data-element_type=\"section\">\n\t\t\t\t\t\t<div class=\"elementor-container elementor-column-gap-default\">\n\t\t\t\t\t<div class=\"elementor-column elementor-col-100 elementor-top-column elementor-element elementor-element-3370ab0\" data-id=\"3370ab0\" data-element_type=\"column\">\n\t\t\t<div class=\"elementor-widget-wrap elementor-element-populated\">\n\t\t\t\t\t\t\t\t<div class=\"elementor-element elementor-element-2f98047 elementor-widget elementor-widget-text-editor\" data-id=\"2f98047\" data-element_type=\"widget\" data-widget_type=\"text-editor.default\">\n\t\t\t\t<div class=\"elementor-widget-container\">\n\t\t\t\t\t\t\t\t<h4>Contamos com uma ampla rede de representantes e assist\u00eancias t\u00e9cnicas regionais distribu\u00eddos por todo o Brasil.<\/h4><h4>Preencha o formul\u00e1rio abaixo ou entre em contato conosco para saber qual representante mais perto de voc\u00ea.<\/h4>\t\t\t\t\t\t<\/div>\n\t\t\t\t<\/div>\n\t\t\t\t\t<\/div>\n\t\t<\/div>\n\t\t\t\t\t\t\t<\/div>\n\t\t<\/section>\n\t\t\t\t<section class=\"elementor-section elementor-top-section elementor-element elementor-element-024ea8b elementor-section-boxed elementor-section-height-default elementor-section-height-default\" data-id=\"024ea8b\" data-element_type=\"section\">\n\t\t\t\t\t\t<div class=\"elementor-container elementor-column-gap-default\">\n\t\t\t\t\t<div class=\"elementor-column elementor-col-50 elementor-top-column elementor-element elementor-element-5efb0a5\" data-id=\"5efb0a5\" data-element_type=\"column\">\n\t\t\t<div class=\"elementor-widget-wrap elementor-element-populated\">\n\t\t\t\t\t\t\t\t<div class=\"elementor-element elementor-element-73afe14 elementor-widget elementor-widget-shortcode\" data-id=\"73afe14\" data-element_type=\"widget\" data-widget_type=\"shortcode.default\">\n\t\t\t\t<div class=\"elementor-widget-container\">\n\t\t\t\t\t<div class=\"elementor-shortcode\"><div class=\"everest-forms\"><div class=\"evf-container default\" id=\"evf-1246\"><form id=\"evf-form-1246\" class=\"everest-form\" data-formid=\"1246\" data-ajax_submission=\"0\" method=\"post\" enctype=\"multipart\/form-data\" action=\"\/site\/wp-json\/wp\/v2\/pages\/449\"><div class=\"evf-field-container\"><input type=\"hidden\" id=\"_wpnonce\" name=\"_wpnonce\" value=\"2b040f9048\" \/><input type=\"hidden\" name=\"_wp_http_referer\" value=\"\/site\/wp-json\/wp\/v2\/pages\/449\" \/><div class=\"evf-frontend-row\" data-row=\"row_1\"><div class=\"evf-frontend-grid evf-grid-1\" data-grid=\"grid_1\"><div id=\"evf-1246-field_ys0GeZISRs-1-container\" class=\"evf-field evf-field-first-name form-row validate-required\" data-required-field-message=\"Este campo \u00e9 necess\u00e1rio.\" data-field-id=\"ys0GeZISRs-1\"><label class=\"evf-field-label\" for=\"evf-1246-field_ys0GeZISRs-1\"><span class=\"evf-label\">Nome<\/span> <abbr class=\"required\" title=\"Required\">*<\/abbr><\/label><input type=\"text\" id=\"evf-1246-field_ys0GeZISRs-1\" class=\"input-text\" name=\"everest_forms[form_fields][ys0GeZISRs-1]\" required><\/div><div id=\"evf-1246-field_LbH5NxasXM-2-container\" class=\"evf-field evf-field-email form-row validate-required validate-email\" data-required-field-message=\"Por favor, preencha um e-mail v\u00e1lido.\" data-field-id=\"LbH5NxasXM-2\"><label class=\"evf-field-label\" for=\"evf-1246-field_LbH5NxasXM-2\"><span class=\"evf-label\">E-mail<\/span> <abbr class=\"required\" title=\"Required\">*<\/abbr><\/label><input type=\"email\" id=\"evf-1246-field_LbH5NxasXM-2\" class=\"input-text\" name=\"everest_forms[form_fields][LbH5NxasXM-2]\" required><\/div><div id=\"evf-1246-field_TvLoIhPJs6-5-container\" class=\"evf-field evf-field-text form-row validate-required\" data-required-field-message=\"Este campo \u00e9 necess\u00e1rio.\" data-field-id=\"TvLoIhPJs6-5\"><label class=\"evf-field-label\" for=\"evf-1246-field_TvLoIhPJs6-5\"><span class=\"evf-label\">Telefone<\/span> <abbr class=\"required\" title=\"Required\">*<\/abbr><\/label><input type=\"text\" id=\"evf-1246-field_TvLoIhPJs6-5\" class=\"input-text\" name=\"everest_forms[form_fields][TvLoIhPJs6-5]\" required><\/div><div id=\"evf-1246-field_66FR384cge-3-container\" class=\"evf-field evf-field-text form-row validate-required\" data-required-field-message=\"Este campo \u00e9 necess\u00e1rio.\" data-field-id=\"66FR384cge-3\"><label class=\"evf-field-label\" for=\"evf-1246-field_66FR384cge-3\"><span class=\"evf-label\">Cidade \/ UF<\/span> <abbr class=\"required\" title=\"Required\">*<\/abbr><\/label><input type=\"text\" id=\"evf-1246-field_66FR384cge-3\" class=\"input-text\" name=\"everest_forms[form_fields][66FR384cge-3]\" required><\/div><div id=\"evf-1246-field_yhGx3FOwr2-4-container\" class=\"evf-field evf-field-textarea form-row\" data-field-id=\"yhGx3FOwr2-4\"><label class=\"evf-field-label\" for=\"evf-1246-field_yhGx3FOwr2-4\"><span class=\"evf-label\">Mensagem<\/span> <\/label><textarea id=\"evf-1246-field_yhGx3FOwr2-4\" class=\"input-text\" name=\"everest_forms[form_fields][yhGx3FOwr2-4]\" ><\/textarea><\/div><\/div><\/div><\/div><div class=\"evf-honeypot-container evf-field-hp\"><label for=\"evf-1246-field-hp\" class=\"evf-field-label\">Comment<\/label><input type=\"text\" name=\"everest_forms[hp]\" id=\"evf-1246-field-hp\" class=\"input-text\"><\/div><div class=\"evf-submit-container \" ><input type=\"hidden\" name=\"everest_forms[id]\" value=\"1246\"><input type=\"hidden\" name=\"everest_forms[author]\" value=\"1\"><button type='submit' name='everest_forms[submit]' class='everest-forms-submit-button button evf-submit ' id='evf-submit-1246' value='evf-submit' data-process-text=\"Enviando\u2026\" conditional_rules='\"\"' conditional_id='evf-submit-1246' >Enviar<\/button><\/div><\/form><\/div><!-- .evf-container --><\/div><\/div>\n\t\t\t\t<\/div>\n\t\t\t\t<\/div>\n\t\t\t\t\t<\/div>\n\t\t<\/div>\n\t\t\t\t<div class=\"elementor-column elementor-col-50 elementor-top-column elementor-element elementor-element-dbbfd50\" data-id=\"dbbfd50\" data-element_type=\"column\">\n\t\t\t<div class=\"elementor-widget-wrap elementor-element-populated\">\n\t\t\t\t\t\t\t\t<div class=\"elementor-element elementor-element-52cfe3a elementor-widget elementor-widget-text-editor\" data-id=\"52cfe3a\" data-element_type=\"widget\" data-widget_type=\"text-editor.default\">\n\t\t\t\t<div class=\"elementor-widget-container\">\n\t\t\t\t\t\t\t\t<h3><span style=\"color: #000080;\">CONTATO<\/span><\/h3>\n<h4>E-mail: <span style=\"color: #000080;\"><a style=\"color: #000080;\" href=\"mailto:empilhadeiras@zenshinbrasil.com.br\">empilhadeiras@zenshinbrasil.com.br<\/a>\n<\/span>Comercial empilhadeiras: <a href=\"https:\/\/wa.me\/5511977795173\" target=\"_blank\">(11) 97779-5173<\/a>\n<i class=\"fa fa-whatsapp\" aria-hidden=\"true\"><\/i>Comercial pe\u00e7as:\u00a0<a href=\"https:\/\/wa.me\/5511960692717\" target=\"_blank\">(11) 96069-2717<\/a> \/ <a href=\"https:\/\/wa.me\/5511959123564\" target=\"_blank\">95912-3564<\/a> <i class=\"fa fa-whatsapp\" aria-hidden=\"true\"><\/i><\/h4>\n<h3><span style=\"color: #000080;\">HOR\u00c1RIO DE ATENDIMENTO<\/span><\/h3>\n<h4>Segunda a Sexta\n<br \/>8h00 \u00e0s 12h e 13h \u00e0s 17h<\/h4>\t\t\t\t\t\t<\/div>\n\t\t\t\t<\/div>\n\t\t\t\t\t<\/div>\n\t\t<\/div>\n\t\t\t\t\t\t\t<\/div>\n\t\t<\/section>\n\t\t\t\t\t\t<\/div>\n\t\t\t\t\t<\/div>\n\t\t","protected":false},"excerpt":{"rendered":"<p>Contamos com uma ampla rede de representantes e assist\u00eancias t\u00e9cnicas regionais distribu\u00eddos por todo o Brasil. Preencha o formul\u00e1rio abaixo ou entre em contato conosco para saber qual representante mais perto de voc\u00ea. CONTATO E-mail: empilhadeiras@zenshinbrasil.com.br Comercial empilhadeiras: (11) 97779-5173 Comercial pe\u00e7as:\u00a0(11) 96069-2717 \/ 95912-3564 HOR\u00c1RIO DE ATENDIMENTO Segunda a Sexta 8h00 \u00e0s 12h e [&hellip;]<\/p>\n","protected":false},"author":1,"featured_media":0,"parent":0,"menu_order":0,"comment_status":"closed","ping_status":"closed","template":"elementor_header_footer","meta":{"footnotes":""},"class_list":["post-449","page","type-page","status-publish","hentry"],"_links":{"self":[{"href":"https:\/\/www.hangchabrasil.com.br\/site\/wp-json\/wp\/v2\/pages\/449","targetHints":{"allow":["GET"]}}],"collection":[{"href":"https:\/\/www.hangchabrasil.com.br\/site\/wp-json\/wp\/v2\/pages"}],"about":[{"href":"https:\/\/www.hangchabrasil.com.br\/site\/wp-json\/wp\/v2\/types\/page"}],"author":[{"embeddable":true,"href":"https:\/\/www.hangchabrasil.com.br\/site\/wp-json\/wp\/v2\/users\/1"}],"replies":[{"embeddable":true,"href":"https:\/\/www.hangchabrasil.com.br\/site\/wp-json\/wp\/v2\/comments?post=449"}],"version-history":[{"count":50,"href":"https:\/\/www.hangchabrasil.com.br\/site\/wp-json\/wp\/v2\/pages\/449\/revisions"}],"predecessor-version":[{"id":1309,"href":"https:\/\/www.hangchabrasil.com.br\/site\/wp-json\/wp\/v2\/pages\/449\/revisions\/1309"}],"wp:attachment":[{"href":"https:\/\/www.hangchabrasil.com.br\/site\/wp-json\/wp\/v2\/media?parent=449"}],"curies":[{"name":"wp","href":"https:\/\/api.w.org\/{rel}","templated":true}]}}