{"id":387,"date":"2019-02-06T15:29:31","date_gmt":"2019-02-06T17:29:31","guid":{"rendered":"http:\/\/concerned-coyote.w5.wpsandbox.pro\/?page_id=387"},"modified":"2021-03-22T15:17:58","modified_gmt":"2021-03-22T18:17:58","slug":"contato","status":"publish","type":"page","link":"https:\/\/www.hangchabrasil.com.br\/site\/contato\/","title":{"rendered":"Fale conosco"},"content":{"rendered":"\t\t<div data-elementor-type=\"wp-page\" data-elementor-id=\"387\" class=\"elementor elementor-387\" data-elementor-settings=\"[]\">\n\t\t\t\t\t\t\t<div class=\"elementor-section-wrap\">\n\t\t\t\t\t\t\t<section class=\"elementor-section elementor-top-section elementor-element elementor-element-8859636 elementor-section-boxed elementor-section-height-default elementor-section-height-default\" data-id=\"8859636\" data-element_type=\"section\">\n\t\t\t\t\t\t<div class=\"elementor-container elementor-column-gap-default\">\n\t\t\t\t\t<div class=\"elementor-column elementor-col-100 elementor-top-column elementor-element elementor-element-4bacd0b\" data-id=\"4bacd0b\" data-element_type=\"column\">\n\t\t\t<div class=\"elementor-widget-wrap elementor-element-populated\">\n\t\t\t\t\t\t\t\t<div class=\"elementor-element elementor-element-7dc7ad9 elementor-widget elementor-widget-text-editor\" data-id=\"7dc7ad9\" data-element_type=\"widget\" data-widget_type=\"text-editor.default\">\n\t\t\t\t<div class=\"elementor-widget-container\">\n\t\t\t\t\t\t\t\t<h4>Seu contato \u00e9 muito importante para n\u00f3s!<\/h4><h4><br \/>Se tem interesse em ser nosso representante, gostaria de aux\u00edlio no p\u00f3s vendas, ou quer tirar uma d\u00favida, fazer um coment\u00e1rio, cr\u00edtica ou sugest\u00e3o, preencha os campos abaixo e logo retornaremos o seu contato.<\/h4>\t\t\t\t\t\t<\/div>\n\t\t\t\t<\/div>\n\t\t\t\t\t<\/div>\n\t\t<\/div>\n\t\t\t\t\t\t\t<\/div>\n\t\t<\/section>\n\t\t\t\t<section class=\"elementor-section elementor-top-section elementor-element elementor-element-928d0c3 elementor-section-boxed elementor-section-height-default elementor-section-height-default\" data-id=\"928d0c3\" data-element_type=\"section\">\n\t\t\t\t\t\t<div class=\"elementor-container elementor-column-gap-default\">\n\t\t\t\t\t<div class=\"elementor-column elementor-col-100 elementor-top-column elementor-element elementor-element-def4164\" data-id=\"def4164\" data-element_type=\"column\">\n\t\t\t<div class=\"elementor-widget-wrap elementor-element-populated\">\n\t\t\t\t\t\t\t\t<div class=\"elementor-element elementor-element-ffcaa71 elementor-widget elementor-widget-shortcode\" data-id=\"ffcaa71\" data-element_type=\"widget\" data-widget_type=\"shortcode.default\">\n\t\t\t\t<div class=\"elementor-widget-container\">\n\t\t\t\t\t<div class=\"elementor-shortcode\"><div class=\"everest-forms\"><div class=\"evf-container default\" id=\"evf-1255\"><form id=\"evf-form-1255\" class=\"everest-form\" data-formid=\"1255\" data-ajax_submission=\"0\" method=\"post\" enctype=\"multipart\/form-data\" action=\"\/site\/wp-json\/wp\/v2\/pages\/387\"><div class=\"evf-field-container\"><input type=\"hidden\" id=\"_wpnonce\" name=\"_wpnonce\" value=\"baadfdd307\" \/><input type=\"hidden\" name=\"_wp_http_referer\" value=\"\/site\/wp-json\/wp\/v2\/pages\/387\" \/><div class=\"evf-frontend-row\" data-row=\"row_1\"><div class=\"evf-frontend-grid evf-grid-1\" data-grid=\"grid_1\"><div id=\"evf-1255-field_ys0GeZISRs-1-container\" class=\"evf-field evf-field-first-name form-row validate-required\" data-required-field-message=\"Este campo \u00e9 necess\u00e1rio.\" data-field-id=\"ys0GeZISRs-1\"><label class=\"evf-field-label\" for=\"evf-1255-field_ys0GeZISRs-1\"><span class=\"evf-label\">Nome<\/span> <abbr class=\"required\" title=\"Required\">*<\/abbr><\/label><input type=\"text\" id=\"evf-1255-field_ys0GeZISRs-1\" class=\"input-text\" name=\"everest_forms[form_fields][ys0GeZISRs-1]\" required><\/div><div id=\"evf-1255-field_LbH5NxasXM-2-container\" class=\"evf-field evf-field-email form-row validate-required validate-email\" data-required-field-message=\"Por favor, preencha um e-mail v\u00e1lido.\" data-field-id=\"LbH5NxasXM-2\"><label class=\"evf-field-label\" for=\"evf-1255-field_LbH5NxasXM-2\"><span class=\"evf-label\">E-mail<\/span> <abbr class=\"required\" title=\"Required\">*<\/abbr><\/label><input type=\"email\" id=\"evf-1255-field_LbH5NxasXM-2\" class=\"input-text\" name=\"everest_forms[form_fields][LbH5NxasXM-2]\" required><\/div><div id=\"evf-1255-field_66FR384cge-3-container\" class=\"evf-field evf-field-text form-row validate-required\" data-required-field-message=\"Este campo \u00e9 necess\u00e1rio.\" data-field-id=\"66FR384cge-3\"><label class=\"evf-field-label\" for=\"evf-1255-field_66FR384cge-3\"><span class=\"evf-label\">Telefone<\/span> <abbr class=\"required\" title=\"Required\">*<\/abbr><\/label><input type=\"text\" id=\"evf-1255-field_66FR384cge-3\" class=\"input-text\" name=\"everest_forms[form_fields][66FR384cge-3]\" required><\/div><div id=\"evf-1255-field_4pXWFZmunO-5-container\" class=\"evf-field evf-field-select form-row validate-required\" data-required-field-message=\"This field is required.\" data-field-id=\"4pXWFZmunO-5\"><label class=\"evf-field-label\" for=\"evf-1255-field_4pXWFZmunO-5\"><span class=\"evf-label\">Assunto<\/span> <abbr class=\"required\" title=\"Required\">*<\/abbr><\/label><select id=\"evf-1255-field_4pXWFZmunO-5\" class=\"input-text evf-field-required\" name=\"everest_forms[form_fields][4pXWFZmunO-5]\" required=\"required\"><option value=\"D\u00favidas, coment\u00e1rios, cr\u00edticas e sugest\u00f5es\" >D\u00favidas, coment\u00e1rios, cr\u00edticas e sugest\u00f5es<\/option><option value=\"Representa\u00e7\u00e3o\" >Representa\u00e7\u00e3o<\/option><option value=\"P\u00f3s venda\" >P\u00f3s venda<\/option><option value=\"Outros assuntos\" >Outros assuntos<\/option><\/select><\/div><div id=\"evf-1255-field_yhGx3FOwr2-4-container\" class=\"evf-field evf-field-textarea form-row\" data-field-id=\"yhGx3FOwr2-4\"><label class=\"evf-field-label\" for=\"evf-1255-field_yhGx3FOwr2-4\"><span class=\"evf-label\">Mensagem<\/span> <\/label><textarea id=\"evf-1255-field_yhGx3FOwr2-4\" class=\"input-text\" name=\"everest_forms[form_fields][yhGx3FOwr2-4]\" ><\/textarea><\/div><\/div><\/div><\/div><div class=\"evf-honeypot-container evf-field-hp\"><label for=\"evf-1255-field-hp\" class=\"evf-field-label\">Website<\/label><input type=\"text\" name=\"everest_forms[hp]\" id=\"evf-1255-field-hp\" class=\"input-text\"><\/div><div class=\"evf-submit-container \" ><input type=\"hidden\" name=\"everest_forms[id]\" value=\"1255\"><input type=\"hidden\" name=\"everest_forms[author]\" value=\"1\"><button type='submit' name='everest_forms[submit]' class='everest-forms-submit-button button evf-submit ' id='evf-submit-1255' value='evf-submit' data-process-text=\"Enviando\u2026\" conditional_rules='\"\"' conditional_id='evf-submit-1255' >Enviar<\/button><\/div><\/form><\/div><!-- .evf-container --><\/div><\/div>\n\t\t\t\t<\/div>\n\t\t\t\t<\/div>\n\t\t\t\t\t<\/div>\n\t\t<\/div>\n\t\t\t\t\t\t\t<\/div>\n\t\t<\/section>\n\t\t\t\t\t\t<\/div>\n\t\t\t\t\t<\/div>\n\t\t","protected":false},"excerpt":{"rendered":"<p>Seu contato \u00e9 muito importante para n\u00f3s! Se tem interesse em ser nosso representante, gostaria de aux\u00edlio no p\u00f3s vendas, ou quer tirar uma d\u00favida, fazer um coment\u00e1rio, cr\u00edtica ou sugest\u00e3o, preencha os campos abaixo e logo retornaremos o seu contato.<\/p>\n","protected":false},"author":1,"featured_media":0,"parent":0,"menu_order":0,"comment_status":"closed","ping_status":"closed","template":"elementor_header_footer","meta":{"footnotes":""},"class_list":["post-387","page","type-page","status-publish","hentry"],"_links":{"self":[{"href":"https:\/\/www.hangchabrasil.com.br\/site\/wp-json\/wp\/v2\/pages\/387","targetHints":{"allow":["GET"]}}],"collection":[{"href":"https:\/\/www.hangchabrasil.com.br\/site\/wp-json\/wp\/v2\/pages"}],"about":[{"href":"https:\/\/www.hangchabrasil.com.br\/site\/wp-json\/wp\/v2\/types\/page"}],"author":[{"embeddable":true,"href":"https:\/\/www.hangchabrasil.com.br\/site\/wp-json\/wp\/v2\/users\/1"}],"replies":[{"embeddable":true,"href":"https:\/\/www.hangchabrasil.com.br\/site\/wp-json\/wp\/v2\/comments?post=387"}],"version-history":[{"count":18,"href":"https:\/\/www.hangchabrasil.com.br\/site\/wp-json\/wp\/v2\/pages\/387\/revisions"}],"predecessor-version":[{"id":1297,"href":"https:\/\/www.hangchabrasil.com.br\/site\/wp-json\/wp\/v2\/pages\/387\/revisions\/1297"}],"wp:attachment":[{"href":"https:\/\/www.hangchabrasil.com.br\/site\/wp-json\/wp\/v2\/media?parent=387"}],"curies":[{"name":"wp","href":"https:\/\/api.w.org\/{rel}","templated":true}]}}